{"id":15512,"date":"2022-12-15T13:47:01","date_gmt":"2022-12-15T13:47:01","guid":{"rendered":"https:\/\/2bitalia.it\/contatti\/"},"modified":"2024-01-11T16:26:32","modified_gmt":"2024-01-11T16:26:32","slug":"contacts","status":"publish","type":"page","link":"https:\/\/2bitalia.it\/fr\/contacts\/","title":{"rendered":"Contacts"},"content":{"rendered":"\t\t<div data-elementor-type=\"wp-page\" data-elementor-id=\"15512\" class=\"elementor elementor-15512 elementor-3070\" data-elementor-post-type=\"page\">\n\t\t\t\t\t\t<section class=\"elementor-section elementor-top-section elementor-element elementor-element-e5ee8d4 elementor-section-full_width elementor-section-height-default elementor-section-height-default qodef-elementor-content-no qodef-elementor-column-no\" data-id=\"e5ee8d4\" data-element_type=\"section\" data-e-type=\"section\">\n\t\t\t\t\t\t<div class=\"elementor-container elementor-column-gap-default\">\n\t\t\t\t\t<div class=\"elementor-column elementor-col-50 elementor-top-column elementor-element elementor-element-fa70e4f\" data-id=\"fa70e4f\" data-element_type=\"column\" data-e-type=\"column\">\n\t\t\t<div class=\"elementor-widget-wrap elementor-element-populated\">\n\t\t\t\t\t\t<div class=\"elementor-element elementor-element-9f16d80 elementor-widget__width-initial elementor-widget elementor-widget-hiroshi_core_section_title\" data-id=\"9f16d80\" data-element_type=\"widget\" data-e-type=\"widget\" data-widget_type=\"hiroshi_core_section_title.default\">\n\t\t\t\t<div class=\"elementor-widget-container\">\n\t\t\t\t\t<div class=\"qodef-shortcode qodef-m qodef-section-title qodef-alignment--left qodef-title-break--disabled\">\n\t\t<h1 class=\"qodef-m-title\" >\n\t\t\t\t\tContacts\t\t\t<\/h1>\n\t\t<p class=\"qodef-m-text\" >Pour recevoir des informations sur les produits, les options de personnalisation et conna\u00eetre la distribution de Duebi, veuillez remplir le formulaire:<\/p>\n<\/div>\n\t\t\t\t<\/div>\n\t\t\t\t<\/div>\n\t\t\t\t<div class=\"elementor-element elementor-element-85a3bda elementor-widget elementor-widget-wp-widget-hiroshi_core_contact_form_7\" data-id=\"85a3bda\" data-element_type=\"widget\" data-e-type=\"widget\" data-widget_type=\"wp-widget-hiroshi_core_contact_form_7.default\">\n\t\t\t\t<div class=\"elementor-widget-container\">\n\t\t\t\t\t\t\t\t<div class=\"qodef-contact-form-7\">\n\t\t\t\t\n<div class=\"wpcf7 no-js\" id=\"wpcf7-f15679-o1\" lang=\"en-US\" dir=\"ltr\" data-wpcf7-id=\"15679\">\n<div class=\"screen-reader-response\"><p role=\"status\" aria-live=\"polite\" aria-atomic=\"true\"><\/p> <ul><\/ul><\/div>\n<form action=\"\/fr\/wp-json\/wp\/v2\/pages\/15512#wpcf7-f15679-o1\" method=\"post\" class=\"wpcf7-form init\" aria-label=\"Contact form\" novalidate=\"novalidate\" data-status=\"init\">\n<fieldset class=\"hidden-fields-container\"><input type=\"hidden\" name=\"_wpcf7\" value=\"15679\" \/><input type=\"hidden\" name=\"_wpcf7_version\" value=\"6.1.5\" \/><input type=\"hidden\" name=\"_wpcf7_locale\" value=\"en_US\" \/><input type=\"hidden\" name=\"_wpcf7_unit_tag\" value=\"wpcf7-f15679-o1\" \/><input type=\"hidden\" name=\"_wpcf7_container_post\" value=\"0\" \/><input type=\"hidden\" name=\"_wpcf7_posted_data_hash\" value=\"\" \/><input type=\"hidden\" name=\"_wpcf7_recaptcha_response\" value=\"\" \/>\n<\/fieldset>\n<div class=\"qodef-contact-form\">\n\n    <div class=\"qodef-grid qodef-layout--columns qodef-col-num--2\">\n\n        <div class=\"qodef-grid-inner\">\n\n            <div class=\"qodef-grid-item\">\n\n                <span class=\"wpcf7-form-control-wrap\" data-name=\"your-name\"><input size=\"40\" maxlength=\"400\" class=\"wpcf7-form-control wpcf7-text wpcf7-validates-as-required\" aria-required=\"true\" aria-invalid=\"false\" placeholder=\"Pr\u00e9nom*\" value=\"\" type=\"text\" name=\"your-name\" \/><\/span>\n\n            <\/div>\n\n            <div class=\"qodef-grid-item\">\n\n                <span class=\"wpcf7-form-control-wrap\" data-name=\"your-email\"><input size=\"40\" maxlength=\"400\" class=\"wpcf7-form-control wpcf7-text wpcf7-validates-as-required\" aria-required=\"true\" aria-invalid=\"false\" placeholder=\"Nom*\" value=\"\" type=\"text\" name=\"your-email\" \/><\/span>\n\n            <\/div>\n\n        <\/div>\n          \n\n\n         <div class=\"qodef-grid-inner\">\n\n            <div class=\"qodef-grid-item\">\n\n                <span class=\"wpcf7-form-control-wrap\" data-name=\"your-name\"><input size=\"40\" maxlength=\"400\" class=\"wpcf7-form-control wpcf7-text\" aria-invalid=\"false\" placeholder=\"Entreprise\" value=\"\" type=\"text\" name=\"your-name\" \/><\/span>\n\n            <\/div>\n\n            <div class=\"qodef-grid-item\">\n\n                <span class=\"wpcf7-form-control-wrap\" data-name=\"your-email\"><input size=\"40\" maxlength=\"400\" class=\"wpcf7-form-control wpcf7-email wpcf7-validates-as-required wpcf7-text wpcf7-validates-as-email\" aria-required=\"true\" aria-invalid=\"false\" placeholder=\"E-mail\" value=\"\" type=\"email\" name=\"your-email\" \/><\/span>\n\n            <\/div>\n\n        <\/div>\n\n\n\n    <\/div>\n\n<span class=\"wpcf7-form-control-wrap\" data-name=\"your-message\"><textarea cols=\"40\" rows=\"5\" maxlength=\"2000\" class=\"wpcf7-form-control wpcf7-textarea\" aria-invalid=\"false\" placeholder=\"Message\" name=\"your-message\"><\/textarea><\/span>\n<div><span class=\"wpcf7-form-control-wrap\" data-name=\"acceptance-955\"><span class=\"wpcf7-form-control wpcf7-acceptance\"><span class=\"wpcf7-list-item\"><input type=\"checkbox\" name=\"acceptance-955\" value=\"1\" aria-invalid=\"false\" \/><\/span><\/span><\/span><span style=\"font-size:13px\"> J'accepte le traitement des donn\u00e9es personnelles conform\u00e9ment \u00e0 la loi no. 196\/2003. Pour plus d'informations, lisez\n <a href=\"https:\/\/www.iubenda.com\/privacy-policy\/24032981\/legal\" target=\"_blank\"> les informations sur le traitement des donn\u00e9es personnelles<\/a><\/span><\/div>\n\n<button class=\"wpcf7-form-control wpcf7-submit qodef-button qodef-size--normal qodef-layout--filled qodef-m\" type=\"submit\"><span class=\"qodef-m-text\">envoyer<\/span><\/button>\n\n<\/div><div class=\"wpcf7-response-output\" aria-hidden=\"true\"><\/div>\n<\/form>\n<\/div>\n\t\t\t<\/div>\n\t\t\t\t\t\t\t<\/div>\n\t\t\t\t<\/div>\n\t\t\t\t\t<\/div>\n\t\t<\/div>\n\t\t\t\t<div class=\"elementor-column elementor-col-50 elementor-top-column elementor-element elementor-element-a3b9081\" data-id=\"a3b9081\" data-element_type=\"column\" data-e-type=\"column\">\n\t\t\t<div class=\"elementor-widget-wrap elementor-element-populated\">\n\t\t\t\t\t\t<section class=\"elementor-section elementor-inner-section elementor-element elementor-element-7cb0192 elementor-section-full_width elementor-section-height-default elementor-section-height-default qodef-elementor-content-no qodef-elementor-column-no\" data-id=\"7cb0192\" data-element_type=\"section\" data-e-type=\"section\">\n\t\t\t\t\t\t<div class=\"elementor-container elementor-column-gap-default\">\n\t\t\t\t\t<div class=\"elementor-column elementor-col-50 elementor-inner-column elementor-element elementor-element-148f1dc qodef--underline-on-hover\" data-id=\"148f1dc\" data-element_type=\"column\" data-e-type=\"column\">\n\t\t\t<div class=\"elementor-widget-wrap elementor-element-populated\">\n\t\t\t\t\t\t<div class=\"elementor-element elementor-element-87085cb elementor-widget elementor-widget-hiroshi_core_section_title\" data-id=\"87085cb\" data-element_type=\"widget\" data-e-type=\"widget\" data-widget_type=\"hiroshi_core_section_title.default\">\n\t\t\t\t<div class=\"elementor-widget-container\">\n\t\t\t\t\t<div class=\"qodef-shortcode qodef-m qodef-section-title qodef-alignment--left\">\n\t\t<h6 class=\"qodef-m-title\" >\n\t\t\t\t\tdonn\u00e9es de contact\t\t\t<\/h6>\n\t<\/div>\n\t\t\t\t<\/div>\n\t\t\t\t<\/div>\n\t\t\t\t<div class=\"elementor-element elementor-element-3b53f69 qodef-m-text elementor-widget elementor-widget-text-editor\" data-id=\"3b53f69\" data-element_type=\"widget\" data-e-type=\"widget\" data-widget_type=\"text-editor.default\">\n\t\t\t\t<div class=\"elementor-widget-container\">\n\t\t\t\t\t\t\t\t\t<p><strong>Tel.<\/strong> +39 0721 282730 \/ 281552 <br \/><strong>Fax<\/strong> +39 0721 281657 <br \/><strong>Email<\/strong> <a href=\"mailto:info@2bitalia.it\">info@2bitalia.it<\/a><\/p>\t\t\t\t\t\t\t\t<\/div>\n\t\t\t\t<\/div>\n\t\t\t\t\t<\/div>\n\t\t<\/div>\n\t\t\t\t<div class=\"elementor-column elementor-col-50 elementor-inner-column elementor-element elementor-element-bf60742\" data-id=\"bf60742\" data-element_type=\"column\" data-e-type=\"column\">\n\t\t\t<div class=\"elementor-widget-wrap elementor-element-populated\">\n\t\t\t\t\t\t<div class=\"elementor-element elementor-element-87f35a9 elementor-widget elementor-widget-hiroshi_core_section_title\" data-id=\"87f35a9\" data-element_type=\"widget\" data-e-type=\"widget\" data-widget_type=\"hiroshi_core_section_title.default\">\n\t\t\t\t<div class=\"elementor-widget-container\">\n\t\t\t\t\t<div class=\"qodef-shortcode qodef-m qodef-section-title qodef-alignment--left\">\n\t\t<h6 class=\"qodef-m-title\" >\n\t\t\t\t\to\u00f9 sommes-nous\t\t\t<\/h6>\n\t<\/div>\n\t\t\t\t<\/div>\n\t\t\t\t<\/div>\n\t\t\t\t<div class=\"elementor-element elementor-element-881ea36 qodef-m-text elementor-widget elementor-widget-text-editor\" data-id=\"881ea36\" data-element_type=\"widget\" data-e-type=\"widget\" data-widget_type=\"text-editor.default\">\n\t\t\t\t<div class=\"elementor-widget-container\">\n\t\t\t\t\t\t\t\t\t<p>Via Fontesecco 66 <br \/>Villa Fastiggi 61122 <br \/>Pesaro &#8211; Italia<\/p>\t\t\t\t\t\t\t\t<\/div>\n\t\t\t\t<\/div>\n\t\t\t\t\t<\/div>\n\t\t<\/div>\n\t\t\t\t\t<\/div>\n\t\t<\/section>\n\t\t\t\t\t<\/div>\n\t\t<\/div>\n\t\t\t\t\t<\/div>\n\t\t<\/section>\n\t\t\t\t<section class=\"elementor-section elementor-top-section elementor-element elementor-element-38d6861 elementor-section-full_width elementor-section-height-default elementor-section-height-default qodef-elementor-content-no qodef-elementor-column-no\" data-id=\"38d6861\" data-element_type=\"section\" data-e-type=\"section\">\n\t\t\t\t\t\t<div class=\"elementor-container elementor-column-gap-default\">\n\t\t\t\t\t<div class=\"elementor-column elementor-col-100 elementor-top-column elementor-element elementor-element-1fc45b0\" data-id=\"1fc45b0\" data-element_type=\"column\" data-e-type=\"column\">\n\t\t\t<div class=\"elementor-widget-wrap elementor-element-populated\">\n\t\t\t\t\t\t<div class=\"elementor-element elementor-element-4efd671 elementor-widget elementor-widget-hiroshi_core_google_map\" data-id=\"4efd671\" data-element_type=\"widget\" data-e-type=\"widget\" data-widget_type=\"hiroshi_core_google_map.default\">\n\t\t\t\t<div class=\"elementor-widget-container\">\n\t\t\t\t\t<div class=\"qodef-shortcode qodef-m qodef-google-map\">\n\t<div class=\"qodef-m-map\" id=\"qodef-map-id--349\" data-addresses='[\"VIa Fontesecco 66, 61122 Pesaro\"]' data-pin=https:\/\/2bitalia.it\/wp-content\/uploads\/2023\/12\/pin.png data-unique-id=349 data-height=610><\/div>\n<\/div>\n\t\t\t\t<\/div>\n\t\t\t\t<\/div>\n\t\t\t\t\t<\/div>\n\t\t<\/div>\n\t\t\t\t\t<\/div>\n\t\t<\/section>\n\t\t\t\t<\/div>\n\t\t","protected":false},"excerpt":{"rendered":"<p>Contacts Pour recevoir des informations sur les produits, les options de personnalisation et conna\u00eetre la distribution de Duebi, veuillez remplir le formulaire: donn\u00e9es de contact Tel. +39 0721 282730 \/ 281552 Fax +39 0721 281657 Email info@2bitalia.it o\u00f9 sommes-nous Via Fontesecco 66 Villa Fastiggi 61122 Pesaro &#8211; Italia<\/p>\n","protected":false},"author":1,"featured_media":0,"parent":0,"menu_order":0,"comment_status":"closed","ping_status":"closed","template":"page-full-width.php","meta":{"_acf_changed":false,"footnotes":""},"class_list":["post-15512","page","type-page","status-publish","hentry"],"acf":[],"yoast_head":"<!-- This site is optimized with the Yoast SEO plugin v27.3 - https:\/\/yoast.com\/product\/yoast-seo-wordpress\/ -->\n<title>Contacts - Mobilificio 2B Italia<\/title>\n<meta name=\"robots\" content=\"index, follow, max-snippet:-1, max-image-preview:large, max-video-preview:-1\" \/>\n<link rel=\"canonical\" href=\"https:\/\/2bitalia.it\/fr\/contacts\/\" \/>\n<meta property=\"og:locale\" content=\"fr_FR\" \/>\n<meta property=\"og:type\" content=\"article\" \/>\n<meta property=\"og:title\" content=\"Contacts - Mobilificio 2B Italia\" \/>\n<meta property=\"og:description\" content=\"Contacts Pour recevoir des informations sur les produits, les options de personnalisation et conna\u00eetre la distribution de Duebi, veuillez remplir le formulaire: donn\u00e9es de contact Tel. +39 0721 282730 \/ 281552 Fax +39 0721 281657 Email info@2bitalia.it o\u00f9 sommes-nous Via Fontesecco 66 Villa Fastiggi 61122 Pesaro &#8211; Italia\" \/>\n<meta property=\"og:url\" content=\"https:\/\/2bitalia.it\/fr\/contacts\/\" \/>\n<meta property=\"og:site_name\" content=\"Mobilificio 2B Italia\" \/>\n<meta property=\"article:modified_time\" content=\"2024-01-11T16:26:32+00:00\" \/>\n<meta name=\"twitter:card\" content=\"summary_large_image\" \/>\n<script type=\"application\/ld+json\" class=\"yoast-schema-graph\">{\"@context\":\"https:\\\/\\\/schema.org\",\"@graph\":[{\"@type\":\"WebPage\",\"@id\":\"https:\\\/\\\/2bitalia.it\\\/fr\\\/contacts\\\/\",\"url\":\"https:\\\/\\\/2bitalia.it\\\/fr\\\/contacts\\\/\",\"name\":\"Contacts - Mobilificio 2B Italia\",\"isPartOf\":{\"@id\":\"https:\\\/\\\/2bitalia.it\\\/#website\"},\"datePublished\":\"2022-12-15T13:47:01+00:00\",\"dateModified\":\"2024-01-11T16:26:32+00:00\",\"breadcrumb\":{\"@id\":\"https:\\\/\\\/2bitalia.it\\\/fr\\\/contacts\\\/#breadcrumb\"},\"inLanguage\":\"fr-FR\",\"potentialAction\":[{\"@type\":\"ReadAction\",\"target\":[\"https:\\\/\\\/2bitalia.it\\\/fr\\\/contacts\\\/\"]}]},{\"@type\":\"BreadcrumbList\",\"@id\":\"https:\\\/\\\/2bitalia.it\\\/fr\\\/contacts\\\/#breadcrumb\",\"itemListElement\":[{\"@type\":\"ListItem\",\"position\":1,\"name\":\"Home\",\"item\":\"https:\\\/\\\/2bitalia.it\\\/fr\\\/\"},{\"@type\":\"ListItem\",\"position\":2,\"name\":\"Contacts\"}]},{\"@type\":\"WebSite\",\"@id\":\"https:\\\/\\\/2bitalia.it\\\/#website\",\"url\":\"https:\\\/\\\/2bitalia.it\\\/\",\"name\":\"Mobilificio 2B Italia\",\"description\":\"\",\"publisher\":{\"@id\":\"https:\\\/\\\/2bitalia.it\\\/#organization\"},\"potentialAction\":[{\"@type\":\"SearchAction\",\"target\":{\"@type\":\"EntryPoint\",\"urlTemplate\":\"https:\\\/\\\/2bitalia.it\\\/?s={search_term_string}\"},\"query-input\":{\"@type\":\"PropertyValueSpecification\",\"valueRequired\":true,\"valueName\":\"search_term_string\"}}],\"inLanguage\":\"fr-FR\"},{\"@type\":\"Organization\",\"@id\":\"https:\\\/\\\/2bitalia.it\\\/#organization\",\"name\":\"Mobilificio 2B Italia\",\"url\":\"https:\\\/\\\/2bitalia.it\\\/\",\"logo\":{\"@type\":\"ImageObject\",\"inLanguage\":\"fr-FR\",\"@id\":\"https:\\\/\\\/2bitalia.it\\\/#\\\/schema\\\/logo\\\/image\\\/\",\"url\":\"https:\\\/\\\/2bitalia.it\\\/wp-content\\\/uploads\\\/2023\\\/10\\\/2b-logo-nero.svg\",\"contentUrl\":\"https:\\\/\\\/2bitalia.it\\\/wp-content\\\/uploads\\\/2023\\\/10\\\/2b-logo-nero.svg\",\"width\":260,\"height\":63,\"caption\":\"Mobilificio 2B Italia\"},\"image\":{\"@id\":\"https:\\\/\\\/2bitalia.it\\\/#\\\/schema\\\/logo\\\/image\\\/\"}}]}<\/script>\n<!-- \/ Yoast SEO plugin. -->","yoast_head_json":{"title":"Contacts - Mobilificio 2B Italia","robots":{"index":"index","follow":"follow","max-snippet":"max-snippet:-1","max-image-preview":"max-image-preview:large","max-video-preview":"max-video-preview:-1"},"canonical":"https:\/\/2bitalia.it\/fr\/contacts\/","og_locale":"fr_FR","og_type":"article","og_title":"Contacts - Mobilificio 2B Italia","og_description":"Contacts Pour recevoir des informations sur les produits, les options de personnalisation et conna\u00eetre la distribution de Duebi, veuillez remplir le formulaire: donn\u00e9es de contact Tel. +39 0721 282730 \/ 281552 Fax +39 0721 281657 Email info@2bitalia.it o\u00f9 sommes-nous Via Fontesecco 66 Villa Fastiggi 61122 Pesaro &#8211; Italia","og_url":"https:\/\/2bitalia.it\/fr\/contacts\/","og_site_name":"Mobilificio 2B Italia","article_modified_time":"2024-01-11T16:26:32+00:00","twitter_card":"summary_large_image","schema":{"@context":"https:\/\/schema.org","@graph":[{"@type":"WebPage","@id":"https:\/\/2bitalia.it\/fr\/contacts\/","url":"https:\/\/2bitalia.it\/fr\/contacts\/","name":"Contacts - Mobilificio 2B Italia","isPartOf":{"@id":"https:\/\/2bitalia.it\/#website"},"datePublished":"2022-12-15T13:47:01+00:00","dateModified":"2024-01-11T16:26:32+00:00","breadcrumb":{"@id":"https:\/\/2bitalia.it\/fr\/contacts\/#breadcrumb"},"inLanguage":"fr-FR","potentialAction":[{"@type":"ReadAction","target":["https:\/\/2bitalia.it\/fr\/contacts\/"]}]},{"@type":"BreadcrumbList","@id":"https:\/\/2bitalia.it\/fr\/contacts\/#breadcrumb","itemListElement":[{"@type":"ListItem","position":1,"name":"Home","item":"https:\/\/2bitalia.it\/fr\/"},{"@type":"ListItem","position":2,"name":"Contacts"}]},{"@type":"WebSite","@id":"https:\/\/2bitalia.it\/#website","url":"https:\/\/2bitalia.it\/","name":"Mobilificio 2B Italia","description":"","publisher":{"@id":"https:\/\/2bitalia.it\/#organization"},"potentialAction":[{"@type":"SearchAction","target":{"@type":"EntryPoint","urlTemplate":"https:\/\/2bitalia.it\/?s={search_term_string}"},"query-input":{"@type":"PropertyValueSpecification","valueRequired":true,"valueName":"search_term_string"}}],"inLanguage":"fr-FR"},{"@type":"Organization","@id":"https:\/\/2bitalia.it\/#organization","name":"Mobilificio 2B Italia","url":"https:\/\/2bitalia.it\/","logo":{"@type":"ImageObject","inLanguage":"fr-FR","@id":"https:\/\/2bitalia.it\/#\/schema\/logo\/image\/","url":"https:\/\/2bitalia.it\/wp-content\/uploads\/2023\/10\/2b-logo-nero.svg","contentUrl":"https:\/\/2bitalia.it\/wp-content\/uploads\/2023\/10\/2b-logo-nero.svg","width":260,"height":63,"caption":"Mobilificio 2B Italia"},"image":{"@id":"https:\/\/2bitalia.it\/#\/schema\/logo\/image\/"}}]}},"_links":{"self":[{"href":"https:\/\/2bitalia.it\/fr\/wp-json\/wp\/v2\/pages\/15512","targetHints":{"allow":["GET"]}}],"collection":[{"href":"https:\/\/2bitalia.it\/fr\/wp-json\/wp\/v2\/pages"}],"about":[{"href":"https:\/\/2bitalia.it\/fr\/wp-json\/wp\/v2\/types\/page"}],"author":[{"embeddable":true,"href":"https:\/\/2bitalia.it\/fr\/wp-json\/wp\/v2\/users\/1"}],"replies":[{"embeddable":true,"href":"https:\/\/2bitalia.it\/fr\/wp-json\/wp\/v2\/comments?post=15512"}],"version-history":[{"count":9,"href":"https:\/\/2bitalia.it\/fr\/wp-json\/wp\/v2\/pages\/15512\/revisions"}],"predecessor-version":[{"id":15684,"href":"https:\/\/2bitalia.it\/fr\/wp-json\/wp\/v2\/pages\/15512\/revisions\/15684"}],"wp:attachment":[{"href":"https:\/\/2bitalia.it\/fr\/wp-json\/wp\/v2\/media?parent=15512"}],"curies":[{"name":"wp","href":"https:\/\/api.w.org\/{rel}","templated":true}]}}