{"id":15514,"date":"2022-12-18T23:38:18","date_gmt":"2022-12-18T23:38:18","guid":{"rendered":"https:\/\/2bitalia.it\/realizzazioni\/"},"modified":"2024-01-11T08:38:00","modified_gmt":"2024-01-11T08:38:00","slug":"realisation","status":"publish","type":"page","link":"https:\/\/2bitalia.it\/fr\/realisation\/","title":{"rendered":"R\u00e9alisation"},"content":{"rendered":"\t\t<div data-elementor-type=\"wp-page\" data-elementor-id=\"15514\" class=\"elementor elementor-15514 elementor-4704\" data-elementor-post-type=\"page\">\n\t\t\t\t\t\t<section class=\"elementor-section elementor-top-section elementor-element elementor-element-da90303 elementor-section-full_width elementor-section-height-default elementor-section-height-default qodef-elementor-content-no qodef-elementor-column-no\" data-id=\"da90303\" data-element_type=\"section\" data-e-type=\"section\">\n\t\t\t\t\t\t<div class=\"elementor-container elementor-column-gap-default\">\n\t\t\t\t\t<div class=\"elementor-column elementor-col-100 elementor-top-column elementor-element elementor-element-18670ef\" data-id=\"18670ef\" data-element_type=\"column\" data-e-type=\"column\">\n\t\t\t<div class=\"elementor-widget-wrap elementor-element-populated\">\n\t\t\t\t\t\t<div class=\"elementor-element elementor-element-8404ab6 elementor-widget elementor-widget-qi_addons_for_elementor_section_title\" data-id=\"8404ab6\" data-element_type=\"widget\" data-e-type=\"widget\" data-widget_type=\"qi_addons_for_elementor_section_title.default\">\n\t\t\t\t<div class=\"elementor-widget-container\">\n\t\t\t\t\t<div class=\"qodef-shortcode qodef-m qodef-qi-section-title qodef-decoration--italic qodef-link--underline-draw qodef-subtitle-icon--left\">\n\t\t\t\t\t\t<h1 class=\"qodef-m-title\">\n\t\tR\u00e9alisations\t<\/h1>\n\t\t\t<div class=\"qodef-m-text\"><p>La conception d'espaces de vie dans les villes dens\u00e9ment peupl\u00e9es n\u00e9cessite une approche cr\u00e9ative et efficace. Le d\u00e9fi principal a \u00e9t\u00e9 de maximiser l'utilisation de l'espace disponible, en tenant compte des dimensions limit\u00e9es des environnements urbains, gr\u00e2ce \u00e0 l'utilisation de solutions d'\u00e9conomie d'espace et de mobilier sp\u00e9cialement con\u00e7us capables de s'int\u00e9grer parfaitement au style du b\u00e2timent.<\/p><\/div>\n\t<\/div>\n\t\t\t\t<\/div>\n\t\t\t\t<\/div>\n\t\t\t\t\t<\/div>\n\t\t<\/div>\n\t\t\t\t\t<\/div>\n\t\t<\/section>\n\t\t\t\t<section class=\"elementor-section elementor-top-section elementor-element elementor-element-beb5995 elementor-section-full_width elementor-section-height-default elementor-section-height-default qodef-elementor-content-no qodef-elementor-column-no\" data-id=\"beb5995\" data-element_type=\"section\" data-e-type=\"section\">\n\t\t\t\t\t\t<div class=\"elementor-container elementor-column-gap-default\">\n\t\t\t\t\t<div class=\"elementor-column elementor-col-100 elementor-top-column elementor-element elementor-element-070747b\" data-id=\"070747b\" data-element_type=\"column\" data-e-type=\"column\">\n\t\t\t<div class=\"elementor-widget-wrap elementor-element-populated\">\n\t\t\t\t\t\t<div class=\"elementor-element elementor-element-db8e06c elementor-widget elementor-widget-hiroshi_core_portfolio_list\" data-id=\"db8e06c\" data-element_type=\"widget\" data-e-type=\"widget\" data-widget_type=\"hiroshi_core_portfolio_list.default\">\n\t\t\t\t<div class=\"elementor-widget-container\">\n\t\t\t\t\t<div class=\"qodef-shortcode qodef-m qodef-portfolio-list qodef-item-layout--info-on-image qodef-grid qodef-layout--columns qodef-gutter--tiny qodef-col-num--2 qodef-item-layout--info-on-image qodef--no-bottom-space qodef-pagination--off qodef-responsive--predefined qodef-swiper--show-pagination\" data-options=\"{&quot;plugin&quot;:&quot;hiroshi_core&quot;,&quot;module&quot;:&quot;post-types\\\/portfolio\\\/shortcodes&quot;,&quot;shortcode&quot;:&quot;portfolio-list&quot;,&quot;post_type&quot;:&quot;portfolio-item&quot;,&quot;next_page&quot;:&quot;2&quot;,&quot;max_pages_num&quot;:1,&quot;behavior&quot;:&quot;columns&quot;,&quot;images_proportion&quot;:&quot;full&quot;,&quot;columns&quot;:&quot;2&quot;,&quot;columns_responsive&quot;:&quot;predefined&quot;,&quot;columns_1440&quot;:&quot;3&quot;,&quot;columns_1366&quot;:&quot;3&quot;,&quot;columns_1024&quot;:&quot;3&quot;,&quot;columns_768&quot;:&quot;3&quot;,&quot;columns_680&quot;:&quot;3&quot;,&quot;columns_480&quot;:&quot;3&quot;,&quot;space&quot;:&quot;tiny&quot;,&quot;slider_pagination_type&quot;:&quot;fraction&quot;,&quot;posts_per_page&quot;:&quot;6&quot;,&quot;orderby&quot;:&quot;name&quot;,&quot;order&quot;:&quot;ASC&quot;,&quot;additional_params&quot;:&quot;tax&quot;,&quot;tax&quot;:&quot;portfolio-category&quot;,&quot;tax_slug&quot;:&quot;realizzazioni&quot;,&quot;layout&quot;:&quot;info-on-image&quot;,&quot;hover_animation_info-below&quot;:&quot;move-text&quot;,&quot;hover_animation_info-follow&quot;:&quot;follow&quot;,&quot;hover_animation_info-on-hover&quot;:&quot;fade-in&quot;,&quot;title_tag&quot;:&quot;h3&quot;,&quot;enable_category&quot;:&quot;no&quot;,&quot;zigzag&quot;:&quot;no&quot;,&quot;custom_margin&quot;:&quot;no&quot;,&quot;enable_appear&quot;:&quot;no&quot;,&quot;enable_filter&quot;:&quot;no&quot;,&quot;pagination_type&quot;:&quot;no-pagination&quot;,&quot;object_class_name&quot;:&quot;HiroshiCore_Portfolio_List_Shortcode&quot;,&quot;taxonomy_filter&quot;:&quot;portfolio-category&quot;,&quot;additional_query_args&quot;:{&quot;tax_query&quot;:[{&quot;taxonomy&quot;:&quot;portfolio-category&quot;,&quot;field&quot;:&quot;slug&quot;,&quot;terms&quot;:&quot;realizzazioni&quot;}]},&quot;space_value&quot;:4}\">\n\t\t<div class=\"qodef-grid-inner clear\">\n\t\t<article class=\"qodef-e qodef-grid-item qodef-item--full  post-15582 portfolio-item type-portfolio-item status-publish hentry portfolio-category-realisations\">\n\t<div class=\"qodef-e-inner\" >\n\t\t\t<div class=\"qodef-e-media-image qodef--background\" style=\"background-image: url( https:\/\/2bitalia.it\/wp-content\/uploads\/2023\/10\/7ink-anteprima.jpg)\">\n\t\t<img fetchpriority=\"high\" decoding=\"async\" width=\"1100\" height=\"728\" src=\"https:\/\/2bitalia.it\/wp-content\/uploads\/2023\/10\/7ink-anteprima.jpg\" class=\"attachment-full size-full\" alt=\"\" srcset=\"https:\/\/2bitalia.it\/wp-content\/uploads\/2023\/10\/7ink-anteprima.jpg 1100w, https:\/\/2bitalia.it\/wp-content\/uploads\/2023\/10\/7ink-anteprima-300x199.jpg 300w, https:\/\/2bitalia.it\/wp-content\/uploads\/2023\/10\/7ink-anteprima-600x397.jpg 600w, https:\/\/2bitalia.it\/wp-content\/uploads\/2023\/10\/7ink-anteprima-1024x678.jpg 1024w, https:\/\/2bitalia.it\/wp-content\/uploads\/2023\/10\/7ink-anteprima-768x508.jpg 768w\" sizes=\"(max-width: 1100px) 100vw, 1100px\" \/>\t<\/div>\n\t\t<div class=\"qodef-e-content\">\n\t\t\t<div class=\"qodef-e-text\">\n\t\t\t\t<h3 itemprop=\"name\" class=\"qodef-e-title entry-title\" >\n\t<a itemprop=\"url\" class=\"qodef-e-title-link\" href=\"https:\/\/2bitalia.it\/fr\/portfolio\/appartements7ink\/\" target=\"_self\">\n\t\tAppartements 7Ink\t<\/a>\n<\/h3>\n\t\t\t<\/div>\n\t\t\t<div class=\"qodef-e-top-holder\">\n\t\t\t\t<div class=\"qodef-e-info\">\n\t\t\t\t\t\t\t\t\t<\/div>\n\t\t\t<\/div>\n\t\t<\/div>\n\t\t<a itemprop=\"url\" class=\"qodef-e-post-link\" href=\"https:\/\/2bitalia.it\/fr\/portfolio\/appartements7ink\/\" target=\"_self\"><\/a>\n\t<\/div>\n<\/article>\n<article class=\"qodef-e qodef-grid-item qodef-item--full  post-15583 portfolio-item type-portfolio-item status-publish hentry portfolio-category-realisations\">\n\t<div class=\"qodef-e-inner\" >\n\t\t\t<div class=\"qodef-e-media-image qodef--background\" style=\"background-image: url( https:\/\/2bitalia.it\/wp-content\/uploads\/2022\/11\/kislak-anteprima.jpg)\">\n\t\t<img decoding=\"async\" width=\"1100\" height=\"728\" src=\"https:\/\/2bitalia.it\/wp-content\/uploads\/2022\/11\/kislak-anteprima.jpg\" class=\"attachment-full size-full\" alt=\"\" srcset=\"https:\/\/2bitalia.it\/wp-content\/uploads\/2022\/11\/kislak-anteprima.jpg 1100w, https:\/\/2bitalia.it\/wp-content\/uploads\/2022\/11\/kislak-anteprima-300x199.jpg 300w, https:\/\/2bitalia.it\/wp-content\/uploads\/2022\/11\/kislak-anteprima-600x397.jpg 600w, https:\/\/2bitalia.it\/wp-content\/uploads\/2022\/11\/kislak-anteprima-1024x678.jpg 1024w, https:\/\/2bitalia.it\/wp-content\/uploads\/2022\/11\/kislak-anteprima-768x508.jpg 768w\" sizes=\"(max-width: 1100px) 100vw, 1100px\" \/>\t<\/div>\n\t\t<div class=\"qodef-e-content\">\n\t\t\t<div class=\"qodef-e-text\">\n\t\t\t\t<h3 itemprop=\"name\" class=\"qodef-e-title entry-title\" >\n\t<a itemprop=\"url\" class=\"qodef-e-title-link\" href=\"https:\/\/2bitalia.it\/fr\/portfolio\/kislak-appartements\/\" target=\"_self\">\n\t\tKislak Appartements\t<\/a>\n<\/h3>\n\t\t\t<\/div>\n\t\t\t<div class=\"qodef-e-top-holder\">\n\t\t\t\t<div class=\"qodef-e-info\">\n\t\t\t\t\t\t\t\t\t<\/div>\n\t\t\t<\/div>\n\t\t<\/div>\n\t\t<a itemprop=\"url\" class=\"qodef-e-post-link\" href=\"https:\/\/2bitalia.it\/fr\/portfolio\/kislak-appartements\/\" target=\"_self\"><\/a>\n\t<\/div>\n<\/article>\n<article class=\"qodef-e qodef-grid-item qodef-item--full  post-15581 portfolio-item type-portfolio-item status-publish hentry portfolio-category-realisations\">\n\t<div class=\"qodef-e-inner\" >\n\t\t\t<div class=\"qodef-e-media-image qodef--background\" style=\"background-image: url( https:\/\/2bitalia.it\/wp-content\/uploads\/2023\/10\/sliema-immagine2-centrale.jpg)\">\n\t\t<img decoding=\"async\" width=\"1100\" height=\"729\" src=\"https:\/\/2bitalia.it\/wp-content\/uploads\/2023\/10\/sliema-immagine2-centrale.jpg\" class=\"attachment-full size-full\" alt=\"\" srcset=\"https:\/\/2bitalia.it\/wp-content\/uploads\/2023\/10\/sliema-immagine2-centrale.jpg 1100w, https:\/\/2bitalia.it\/wp-content\/uploads\/2023\/10\/sliema-immagine2-centrale-300x199.jpg 300w, https:\/\/2bitalia.it\/wp-content\/uploads\/2023\/10\/sliema-immagine2-centrale-600x398.jpg 600w, https:\/\/2bitalia.it\/wp-content\/uploads\/2023\/10\/sliema-immagine2-centrale-1024x679.jpg 1024w, https:\/\/2bitalia.it\/wp-content\/uploads\/2023\/10\/sliema-immagine2-centrale-768x509.jpg 768w\" sizes=\"(max-width: 1100px) 100vw, 1100px\" \/>\t<\/div>\n\t\t<div class=\"qodef-e-content\">\n\t\t\t<div class=\"qodef-e-text\">\n\t\t\t\t<h3 itemprop=\"name\" class=\"qodef-e-title entry-title\" >\n\t<a itemprop=\"url\" class=\"qodef-e-title-link\" href=\"https:\/\/2bitalia.it\/fr\/portfolio\/sliema-suites\/\" target=\"_self\">\n\t\tSliema Suites\t<\/a>\n<\/h3>\n\t\t\t<\/div>\n\t\t\t<div class=\"qodef-e-top-holder\">\n\t\t\t\t<div class=\"qodef-e-info\">\n\t\t\t\t\t\t\t\t\t<\/div>\n\t\t\t<\/div>\n\t\t<\/div>\n\t\t<a itemprop=\"url\" class=\"qodef-e-post-link\" href=\"https:\/\/2bitalia.it\/fr\/portfolio\/sliema-suites\/\" target=\"_self\"><\/a>\n\t<\/div>\n<\/article>\n\t<\/div>\n\t<\/div>\n\t\t\t\t<\/div>\n\t\t\t\t<\/div>\n\t\t\t\t\t<\/div>\n\t\t<\/div>\n\t\t\t\t\t<\/div>\n\t\t<\/section>\n\t\t\t\t<\/div>\n\t\t","protected":false},"excerpt":{"rendered":"<p>R\u00e9alisations La conception d&rsquo;espaces de vie dans les villes dens\u00e9ment peupl\u00e9es n\u00e9cessite une approche cr\u00e9ative et efficace. Le d\u00e9fi principal a \u00e9t\u00e9 de maximiser l&rsquo;utilisation de l&rsquo;espace disponible, en tenant compte des dimensions limit\u00e9es des environnements urbains, gr\u00e2ce \u00e0 l&rsquo;utilisation de solutions d&rsquo;\u00e9conomie d&rsquo;espace et de mobilier sp\u00e9cialement con\u00e7us capables de s&rsquo;int\u00e9grer parfaitement au style [&hellip;]<\/p>\n","protected":false},"author":1,"featured_media":0,"parent":0,"menu_order":0,"comment_status":"closed","ping_status":"closed","template":"page-full-width.php","meta":{"_acf_changed":false,"footnotes":""},"class_list":["post-15514","page","type-page","status-publish","hentry"],"acf":[],"yoast_head":"<!-- This site is optimized with the Yoast SEO plugin v27.3 - https:\/\/yoast.com\/product\/yoast-seo-wordpress\/ -->\n<title>Le Nostre R\u00e9alisation - Mobilificio 2B Italia<\/title>\n<meta name=\"robots\" content=\"index, follow, max-snippet:-1, max-image-preview:large, max-video-preview:-1\" \/>\n<link rel=\"canonical\" href=\"https:\/\/2bitalia.it\/fr\/realisation\/\" \/>\n<meta property=\"og:locale\" content=\"fr_FR\" \/>\n<meta property=\"og:type\" content=\"article\" \/>\n<meta property=\"og:title\" content=\"Le Nostre R\u00e9alisation - Mobilificio 2B Italia\" \/>\n<meta property=\"og:description\" content=\"R\u00e9alisations La conception d&rsquo;espaces de vie dans les villes dens\u00e9ment peupl\u00e9es n\u00e9cessite une approche cr\u00e9ative et efficace. Le d\u00e9fi principal a \u00e9t\u00e9 de maximiser l&rsquo;utilisation de l&rsquo;espace disponible, en tenant compte des dimensions limit\u00e9es des environnements urbains, gr\u00e2ce \u00e0 l&rsquo;utilisation de solutions d&rsquo;\u00e9conomie d&rsquo;espace et de mobilier sp\u00e9cialement con\u00e7us capables de s&rsquo;int\u00e9grer parfaitement au style [&hellip;]\" \/>\n<meta property=\"og:url\" content=\"https:\/\/2bitalia.it\/fr\/realisation\/\" \/>\n<meta property=\"og:site_name\" content=\"Mobilificio 2B Italia\" \/>\n<meta property=\"article:modified_time\" content=\"2024-01-11T08:38:00+00:00\" \/>\n<meta name=\"twitter:card\" content=\"summary_large_image\" \/>\n<script type=\"application\/ld+json\" class=\"yoast-schema-graph\">{\"@context\":\"https:\\\/\\\/schema.org\",\"@graph\":[{\"@type\":\"WebPage\",\"@id\":\"https:\\\/\\\/2bitalia.it\\\/fr\\\/realisation\\\/\",\"url\":\"https:\\\/\\\/2bitalia.it\\\/fr\\\/realisation\\\/\",\"name\":\"Le Nostre R\u00e9alisation - Mobilificio 2B Italia\",\"isPartOf\":{\"@id\":\"https:\\\/\\\/2bitalia.it\\\/#website\"},\"datePublished\":\"2022-12-18T23:38:18+00:00\",\"dateModified\":\"2024-01-11T08:38:00+00:00\",\"breadcrumb\":{\"@id\":\"https:\\\/\\\/2bitalia.it\\\/fr\\\/realisation\\\/#breadcrumb\"},\"inLanguage\":\"fr-FR\",\"potentialAction\":[{\"@type\":\"ReadAction\",\"target\":[\"https:\\\/\\\/2bitalia.it\\\/fr\\\/realisation\\\/\"]}]},{\"@type\":\"BreadcrumbList\",\"@id\":\"https:\\\/\\\/2bitalia.it\\\/fr\\\/realisation\\\/#breadcrumb\",\"itemListElement\":[{\"@type\":\"ListItem\",\"position\":1,\"name\":\"Home\",\"item\":\"https:\\\/\\\/2bitalia.it\\\/fr\\\/\"},{\"@type\":\"ListItem\",\"position\":2,\"name\":\"R\u00e9alisation\"}]},{\"@type\":\"WebSite\",\"@id\":\"https:\\\/\\\/2bitalia.it\\\/#website\",\"url\":\"https:\\\/\\\/2bitalia.it\\\/\",\"name\":\"Mobilificio 2B Italia\",\"description\":\"\",\"publisher\":{\"@id\":\"https:\\\/\\\/2bitalia.it\\\/#organization\"},\"potentialAction\":[{\"@type\":\"SearchAction\",\"target\":{\"@type\":\"EntryPoint\",\"urlTemplate\":\"https:\\\/\\\/2bitalia.it\\\/?s={search_term_string}\"},\"query-input\":{\"@type\":\"PropertyValueSpecification\",\"valueRequired\":true,\"valueName\":\"search_term_string\"}}],\"inLanguage\":\"fr-FR\"},{\"@type\":\"Organization\",\"@id\":\"https:\\\/\\\/2bitalia.it\\\/#organization\",\"name\":\"Mobilificio 2B Italia\",\"url\":\"https:\\\/\\\/2bitalia.it\\\/\",\"logo\":{\"@type\":\"ImageObject\",\"inLanguage\":\"fr-FR\",\"@id\":\"https:\\\/\\\/2bitalia.it\\\/#\\\/schema\\\/logo\\\/image\\\/\",\"url\":\"https:\\\/\\\/2bitalia.it\\\/wp-content\\\/uploads\\\/2023\\\/10\\\/2b-logo-nero.svg\",\"contentUrl\":\"https:\\\/\\\/2bitalia.it\\\/wp-content\\\/uploads\\\/2023\\\/10\\\/2b-logo-nero.svg\",\"width\":260,\"height\":63,\"caption\":\"Mobilificio 2B Italia\"},\"image\":{\"@id\":\"https:\\\/\\\/2bitalia.it\\\/#\\\/schema\\\/logo\\\/image\\\/\"}}]}<\/script>\n<!-- \/ Yoast SEO plugin. -->","yoast_head_json":{"title":"Le Nostre R\u00e9alisation - Mobilificio 2B Italia","robots":{"index":"index","follow":"follow","max-snippet":"max-snippet:-1","max-image-preview":"max-image-preview:large","max-video-preview":"max-video-preview:-1"},"canonical":"https:\/\/2bitalia.it\/fr\/realisation\/","og_locale":"fr_FR","og_type":"article","og_title":"Le Nostre R\u00e9alisation - Mobilificio 2B Italia","og_description":"R\u00e9alisations La conception d&rsquo;espaces de vie dans les villes dens\u00e9ment peupl\u00e9es n\u00e9cessite une approche cr\u00e9ative et efficace. Le d\u00e9fi principal a \u00e9t\u00e9 de maximiser l&rsquo;utilisation de l&rsquo;espace disponible, en tenant compte des dimensions limit\u00e9es des environnements urbains, gr\u00e2ce \u00e0 l&rsquo;utilisation de solutions d&rsquo;\u00e9conomie d&rsquo;espace et de mobilier sp\u00e9cialement con\u00e7us capables de s&rsquo;int\u00e9grer parfaitement au style [&hellip;]","og_url":"https:\/\/2bitalia.it\/fr\/realisation\/","og_site_name":"Mobilificio 2B Italia","article_modified_time":"2024-01-11T08:38:00+00:00","twitter_card":"summary_large_image","schema":{"@context":"https:\/\/schema.org","@graph":[{"@type":"WebPage","@id":"https:\/\/2bitalia.it\/fr\/realisation\/","url":"https:\/\/2bitalia.it\/fr\/realisation\/","name":"Le Nostre R\u00e9alisation - Mobilificio 2B Italia","isPartOf":{"@id":"https:\/\/2bitalia.it\/#website"},"datePublished":"2022-12-18T23:38:18+00:00","dateModified":"2024-01-11T08:38:00+00:00","breadcrumb":{"@id":"https:\/\/2bitalia.it\/fr\/realisation\/#breadcrumb"},"inLanguage":"fr-FR","potentialAction":[{"@type":"ReadAction","target":["https:\/\/2bitalia.it\/fr\/realisation\/"]}]},{"@type":"BreadcrumbList","@id":"https:\/\/2bitalia.it\/fr\/realisation\/#breadcrumb","itemListElement":[{"@type":"ListItem","position":1,"name":"Home","item":"https:\/\/2bitalia.it\/fr\/"},{"@type":"ListItem","position":2,"name":"R\u00e9alisation"}]},{"@type":"WebSite","@id":"https:\/\/2bitalia.it\/#website","url":"https:\/\/2bitalia.it\/","name":"Mobilificio 2B Italia","description":"","publisher":{"@id":"https:\/\/2bitalia.it\/#organization"},"potentialAction":[{"@type":"SearchAction","target":{"@type":"EntryPoint","urlTemplate":"https:\/\/2bitalia.it\/?s={search_term_string}"},"query-input":{"@type":"PropertyValueSpecification","valueRequired":true,"valueName":"search_term_string"}}],"inLanguage":"fr-FR"},{"@type":"Organization","@id":"https:\/\/2bitalia.it\/#organization","name":"Mobilificio 2B Italia","url":"https:\/\/2bitalia.it\/","logo":{"@type":"ImageObject","inLanguage":"fr-FR","@id":"https:\/\/2bitalia.it\/#\/schema\/logo\/image\/","url":"https:\/\/2bitalia.it\/wp-content\/uploads\/2023\/10\/2b-logo-nero.svg","contentUrl":"https:\/\/2bitalia.it\/wp-content\/uploads\/2023\/10\/2b-logo-nero.svg","width":260,"height":63,"caption":"Mobilificio 2B Italia"},"image":{"@id":"https:\/\/2bitalia.it\/#\/schema\/logo\/image\/"}}]}},"_links":{"self":[{"href":"https:\/\/2bitalia.it\/fr\/wp-json\/wp\/v2\/pages\/15514","targetHints":{"allow":["GET"]}}],"collection":[{"href":"https:\/\/2bitalia.it\/fr\/wp-json\/wp\/v2\/pages"}],"about":[{"href":"https:\/\/2bitalia.it\/fr\/wp-json\/wp\/v2\/types\/page"}],"author":[{"embeddable":true,"href":"https:\/\/2bitalia.it\/fr\/wp-json\/wp\/v2\/users\/1"}],"replies":[{"embeddable":true,"href":"https:\/\/2bitalia.it\/fr\/wp-json\/wp\/v2\/comments?post=15514"}],"version-history":[{"count":4,"href":"https:\/\/2bitalia.it\/fr\/wp-json\/wp\/v2\/pages\/15514\/revisions"}],"predecessor-version":[{"id":15556,"href":"https:\/\/2bitalia.it\/fr\/wp-json\/wp\/v2\/pages\/15514\/revisions\/15556"}],"wp:attachment":[{"href":"https:\/\/2bitalia.it\/fr\/wp-json\/wp\/v2\/media?parent=15514"}],"curies":[{"name":"wp","href":"https:\/\/api.w.org\/{rel}","templated":true}]}}